{"id":2,"date":"2025-11-10T10:13:55","date_gmt":"2025-11-10T10:13:55","guid":{"rendered":"https:\/\/revontukka.fi\/?page_id=2"},"modified":"2026-03-21T13:20:15","modified_gmt":"2026-03-21T11:20:15","slug":"etusivu","status":"publish","type":"page","link":"https:\/\/revontukka.fi\/","title":{"rendered":"Kuusamon keskustassa"},"content":{"rendered":"\n<p class=\"has-text-align-center\">Parturi-kampaamo Revontukka. <\/p>\n\n\n\n<p class=\"has-text-align-center\">Kuusamon keskustassa osoitteessa Kitkantie 1.<\/p>\n\n\n\n<div style=\"height:2em\" aria-hidden=\"true\" class=\"wp-block-spacer\"><\/div>\n\n\n\n<div class=\"wp-block-buttons is-content-justification-center is-layout-flex wp-container-core-buttons-is-layout-a89b3969 wp-block-buttons-is-layout-flex\">\n<div class=\"wp-block-button\"><a class=\"wp-block-button__link has-accent-5-color has-text-color has-link-color wp-element-button\" href=\"https:\/\/aikanen.fi\/c\/revontukka\" target=\"_blank\" rel=\"noreferrer noopener\">Varaa aika netiss\u00e4<\/a><\/div>\n<\/div>\n\n\n\n<div style=\"height:2em\" aria-hidden=\"true\" class=\"wp-block-spacer\"><\/div>\n\n\n\n<p class=\"has-text-align-center has-link-color has-large-font-size wp-elements-2c7af8d28a22d6936996504fd5701d83\" style=\"text-decoration:none\">tai soita <br><a href=\"tel:0401919494\"><strong>0401919494<\/strong><\/a><br><\/p>\n\n\n\n<div style=\"height:2em\" aria-hidden=\"true\" class=\"wp-block-spacer\"><\/div>\n\n\n\n<div class=\"wp-block-columns is-layout-flex wp-container-core-columns-is-layout-28f84493 wp-block-columns-is-layout-flex\">\n<div class=\"wp-block-column is-layout-flow wp-block-column-is-layout-flow\">\n<figure class=\"wp-block-image size-full is-style-rounded\"><img loading=\"lazy\" decoding=\"async\" width=\"600\" height=\"600\" src=\"https:\/\/revontukka.fi\/wp-content\/uploads\/2026\/03\/erika_ja_marianne_600x600.webp\" alt=\"Parturi-kampaajat Marianne ja Erika\" class=\"wp-image-83\" srcset=\"https:\/\/revontukka.fi\/wp-content\/uploads\/2026\/03\/erika_ja_marianne_600x600.webp 600w, https:\/\/revontukka.fi\/wp-content\/uploads\/2026\/03\/erika_ja_marianne_600x600-300x300.webp 300w, https:\/\/revontukka.fi\/wp-content\/uploads\/2026\/03\/erika_ja_marianne_600x600-150x150.webp 150w\" sizes=\"auto, (max-width: 600px) 100vw, 600px\" \/><\/figure>\n<\/div>\n\n\n\n<div class=\"wp-block-column is-vertically-aligned-center is-layout-flow wp-block-column-is-layout-flow\">\n<h2 class=\"wp-block-heading\">Tiimi<\/h2>\n\n\n\n<p>Parturi-kampaamo Revontukassa sinua palvelevat kampaajat Marianne ja Erika.<\/p>\n<\/div>\n<\/div>\n\n\n\n<div style=\"height:2em\" aria-hidden=\"true\" class=\"wp-block-spacer\"><\/div>\n\n\n\n<div class=\"wp-block-columns is-layout-flex wp-container-core-columns-is-layout-28f84493 wp-block-columns-is-layout-flex\">\n<div class=\"wp-block-column is-vertically-aligned-center is-layout-flow wp-block-column-is-layout-flow\"><h2 class=\"wp-block-post-title\">Kuusamon keskustassa<\/h2>\n\n\n<p>Parturi-kampaamo Revontukan l\u00f6yd\u00e4t Kuusamon keskustasta, Kitkantie 1. Liike sijaitsee ovesta vasemmalla, vastap\u00e4\u00e4t\u00e4 Marmarista.<\/p>\n<\/div>\n\n\n\n<div class=\"wp-block-column is-layout-flow wp-block-column-is-layout-flow\">\n<figure class=\"wp-block-video\"><video height=\"1280\" style=\"aspect-ratio: 720 \/ 1280;\" width=\"720\" autoplay loop muted src=\"https:\/\/revontukka.fi\/wp-content\/uploads\/2026\/03\/revontukka_salon_720p.mp4\" playsinline><\/video><figcaption class=\"wp-element-caption\">Parturi-kampaamo Revontukka<\/figcaption><\/figure>\n<\/div>\n<\/div>\n\n\n\n<p><\/p>\n\n\n\n<p><\/p>\n","protected":false},"excerpt":{"rendered":"<p>Parturi-kampaamo Revontukka. Kuusamon keskustassa osoitteessa Kitkantie 1. tai soita 0401919494 Tiimi Parturi-kampaamo Revontukassa sinua palvelevat kampaajat Marianne ja Erika. Parturi-kampaamo Revontukan l\u00f6yd\u00e4t Kuusamon keskustasta, Kitkantie 1. Liike sijaitsee ovesta vasemmalla, vastap\u00e4\u00e4t\u00e4 Marmarista.<\/p>\n","protected":false},"author":1,"featured_media":0,"parent":0,"menu_order":0,"comment_status":"closed","ping_status":"open","template":"page-no-title","meta":{"footnotes":""},"class_list":["post-2","page","type-page","status-publish","hentry"],"_links":{"self":[{"href":"https:\/\/revontukka.fi\/index.php\/wp-json\/wp\/v2\/pages\/2","targetHints":{"allow":["GET"]}}],"collection":[{"href":"https:\/\/revontukka.fi\/index.php\/wp-json\/wp\/v2\/pages"}],"about":[{"href":"https:\/\/revontukka.fi\/index.php\/wp-json\/wp\/v2\/types\/page"}],"author":[{"embeddable":true,"href":"https:\/\/revontukka.fi\/index.php\/wp-json\/wp\/v2\/users\/1"}],"replies":[{"embeddable":true,"href":"https:\/\/revontukka.fi\/index.php\/wp-json\/wp\/v2\/comments?post=2"}],"version-history":[{"count":19,"href":"https:\/\/revontukka.fi\/index.php\/wp-json\/wp\/v2\/pages\/2\/revisions"}],"predecessor-version":[{"id":91,"href":"https:\/\/revontukka.fi\/index.php\/wp-json\/wp\/v2\/pages\/2\/revisions\/91"}],"wp:attachment":[{"href":"https:\/\/revontukka.fi\/index.php\/wp-json\/wp\/v2\/media?parent=2"}],"curies":[{"name":"wp","href":"https:\/\/api.w.org\/{rel}","templated":true}]}}